{"id":127,"date":"2018-06-19T15:25:20","date_gmt":"2018-06-19T15:25:20","guid":{"rendered":"http:\/\/intosur.com\/?page_id=127"},"modified":"2018-06-19T15:27:22","modified_gmt":"2018-06-19T15:27:22","slug":"topografia","status":"publish","type":"page","link":"https:\/\/intosur.com\/index.php\/servicios\/topografia\/","title":{"rendered":"Topograf\u00eda"},"content":{"rendered":"<p>En este departamento contamos con el equipo humano y medios t\u00e9cnicos, que nos permiten desarrollar cualquier proyecto con rapidez, eficacia y precisi\u00f3n:<\/p>\n<ul class=\"indent-6\">\n<li>Levantamiento topogr\u00e1fico<\/li>\n<li>Replanteo GPS en tiempo real<\/li>\n<li>Asistencia t\u00e9cnica en proyectos de ingenier\u00eda<\/li>\n<li>Topograf\u00eda de obras<\/li>\n<li>Nivelaci\u00f3n y cubicaci\u00f3n de movimientos de tierra<\/li>\n<li>Medici\u00f3n de solares, fincas r\u00fasticas y certificaciones para su inscripci\u00f3n en el registro o informes t\u00e9cnicos<\/li>\n<li>Apoyo fotogram\u00e9trico (control terrestre)<\/li>\n<li>Revisi\u00f3n del campo (complementaci\u00f3n cartogr\u00e1fica)<\/li>\n<li>Elaboraci\u00f3n y tratamiento de Modelos Digitales<\/li>\n<li>L\u00e1ser 3D<\/li>\n<\/ul>\n","protected":false},"excerpt":{"rendered":"<p>En este departamento contamos con el equipo humano y medios t\u00e9cnicos, que nos permiten desarrollar cualquier proyecto con rapidez, eficacia<\/p>\n","protected":false},"author":1,"featured_media":0,"parent":25,"menu_order":0,"comment_status":"closed","ping_status":"closed","template":"","meta":{"footnotes":""},"class_list":["post-127","page","type-page","status-publish","hentry","comments-off"],"_links":{"self":[{"href":"https:\/\/intosur.com\/index.php\/wp-json\/wp\/v2\/pages\/127","targetHints":{"allow":["GET"]}}],"collection":[{"href":"https:\/\/intosur.com\/index.php\/wp-json\/wp\/v2\/pages"}],"about":[{"href":"https:\/\/intosur.com\/index.php\/wp-json\/wp\/v2\/types\/page"}],"author":[{"embeddable":true,"href":"https:\/\/intosur.com\/index.php\/wp-json\/wp\/v2\/users\/1"}],"replies":[{"embeddable":true,"href":"https:\/\/intosur.com\/index.php\/wp-json\/wp\/v2\/comments?post=127"}],"version-history":[{"count":2,"href":"https:\/\/intosur.com\/index.php\/wp-json\/wp\/v2\/pages\/127\/revisions"}],"predecessor-version":[{"id":130,"href":"https:\/\/intosur.com\/index.php\/wp-json\/wp\/v2\/pages\/127\/revisions\/130"}],"up":[{"embeddable":true,"href":"https:\/\/intosur.com\/index.php\/wp-json\/wp\/v2\/pages\/25"}],"wp:attachment":[{"href":"https:\/\/intosur.com\/index.php\/wp-json\/wp\/v2\/media?parent=127"}],"curies":[{"name":"wp","href":"https:\/\/api.w.org\/{rel}","templated":true}]}}