{"id":135,"date":"2018-06-19T15:30:13","date_gmt":"2018-06-19T15:30:13","guid":{"rendered":"http:\/\/intosur.com\/?page_id=135"},"modified":"2018-06-19T15:30:13","modified_gmt":"2018-06-19T15:30:13","slug":"lidar-y-fotogrametria","status":"publish","type":"page","link":"https:\/\/intosur.com\/index.php\/servicios\/lidar-y-fotogrametria\/","title":{"rendered":"LiDAR y Fotogrametr\u00eda"},"content":{"rendered":"<p>Los trabajos de fotogrametr\u00eda y LiDAR contienen varias fases en las que se utilizan diversas t\u00e9cnicas complementarias, como:<\/p>\n<ul class=\"indent-6\">\n<li>Vuelos LiDAR fotogram\u00e9tricos, GPS e inerciales<\/li>\n<li>Aerotriangulaci\u00f3n<\/li>\n<li>Restituci\u00f3n a diferentes escalas<\/li>\n<li>Modelos digitales del terreno<\/li>\n<\/ul>\n","protected":false},"excerpt":{"rendered":"<p>Los trabajos de fotogrametr\u00eda y LiDAR contienen varias fases en las que se utilizan diversas t\u00e9cnicas complementarias, como: Vuelos LiDAR<\/p>\n","protected":false},"author":1,"featured_media":0,"parent":25,"menu_order":0,"comment_status":"closed","ping_status":"closed","template":"","meta":{"footnotes":""},"class_list":["post-135","page","type-page","status-publish","hentry","comments-off"],"_links":{"self":[{"href":"https:\/\/intosur.com\/index.php\/wp-json\/wp\/v2\/pages\/135","targetHints":{"allow":["GET"]}}],"collection":[{"href":"https:\/\/intosur.com\/index.php\/wp-json\/wp\/v2\/pages"}],"about":[{"href":"https:\/\/intosur.com\/index.php\/wp-json\/wp\/v2\/types\/page"}],"author":[{"embeddable":true,"href":"https:\/\/intosur.com\/index.php\/wp-json\/wp\/v2\/users\/1"}],"replies":[{"embeddable":true,"href":"https:\/\/intosur.com\/index.php\/wp-json\/wp\/v2\/comments?post=135"}],"version-history":[{"count":1,"href":"https:\/\/intosur.com\/index.php\/wp-json\/wp\/v2\/pages\/135\/revisions"}],"predecessor-version":[{"id":136,"href":"https:\/\/intosur.com\/index.php\/wp-json\/wp\/v2\/pages\/135\/revisions\/136"}],"up":[{"embeddable":true,"href":"https:\/\/intosur.com\/index.php\/wp-json\/wp\/v2\/pages\/25"}],"wp:attachment":[{"href":"https:\/\/intosur.com\/index.php\/wp-json\/wp\/v2\/media?parent=135"}],"curies":[{"name":"wp","href":"https:\/\/api.w.org\/{rel}","templated":true}]}}