{"id":139,"date":"2018-06-19T15:30:55","date_gmt":"2018-06-19T15:30:55","guid":{"rendered":"http:\/\/intosur.com\/?page_id=139"},"modified":"2018-06-19T15:30:55","modified_gmt":"2018-06-19T15:30:55","slug":"sig","status":"publish","type":"page","link":"https:\/\/intosur.com\/index.php\/servicios\/sig\/","title":{"rendered":"SIG"},"content":{"rendered":"<p>Los Sistemas de Informaci\u00f3n Geogr\u00e1fica, nos permiten la creaci\u00f3n y estructuraci\u00f3n de los datos partiendo de fuentes de informaci\u00f3n como:<\/p>\n<ul class=\"indent-6\">\n<li>Mapas<\/li>\n<li>Teledetecci\u00f3n<\/li>\n<li>Bases de datos existentes<\/li>\n<\/ul>\n","protected":false},"excerpt":{"rendered":"<p>Los Sistemas de Informaci\u00f3n Geogr\u00e1fica, nos permiten la creaci\u00f3n y estructuraci\u00f3n de los datos partiendo de fuentes de informaci\u00f3n como:<\/p>\n","protected":false},"author":1,"featured_media":0,"parent":25,"menu_order":0,"comment_status":"closed","ping_status":"closed","template":"","meta":{"footnotes":""},"class_list":["post-139","page","type-page","status-publish","hentry","comments-off"],"_links":{"self":[{"href":"https:\/\/intosur.com\/index.php\/wp-json\/wp\/v2\/pages\/139","targetHints":{"allow":["GET"]}}],"collection":[{"href":"https:\/\/intosur.com\/index.php\/wp-json\/wp\/v2\/pages"}],"about":[{"href":"https:\/\/intosur.com\/index.php\/wp-json\/wp\/v2\/types\/page"}],"author":[{"embeddable":true,"href":"https:\/\/intosur.com\/index.php\/wp-json\/wp\/v2\/users\/1"}],"replies":[{"embeddable":true,"href":"https:\/\/intosur.com\/index.php\/wp-json\/wp\/v2\/comments?post=139"}],"version-history":[{"count":1,"href":"https:\/\/intosur.com\/index.php\/wp-json\/wp\/v2\/pages\/139\/revisions"}],"predecessor-version":[{"id":140,"href":"https:\/\/intosur.com\/index.php\/wp-json\/wp\/v2\/pages\/139\/revisions\/140"}],"up":[{"embeddable":true,"href":"https:\/\/intosur.com\/index.php\/wp-json\/wp\/v2\/pages\/25"}],"wp:attachment":[{"href":"https:\/\/intosur.com\/index.php\/wp-json\/wp\/v2\/media?parent=139"}],"curies":[{"name":"wp","href":"https:\/\/api.w.org\/{rel}","templated":true}]}}