{"id":141,"date":"2018-06-19T15:31:13","date_gmt":"2018-06-19T15:31:13","guid":{"rendered":"http:\/\/intosur.com\/?page_id=141"},"modified":"2018-06-19T15:31:13","modified_gmt":"2018-06-19T15:31:13","slug":"gps","status":"publish","type":"page","link":"https:\/\/intosur.com\/index.php\/servicios\/gps\/","title":{"rendered":"GPS"},"content":{"rendered":"<p>Usado esencialmente para obras civiles y levantamientos r\u00fasticos de gran superficie, obteniendo una gran producci\u00f3n en servicios como:<\/p>\n<ul class=\"indent-6\">\n<li>Medici\u00f3n est\u00e1tica de puntos<\/li>\n<li>Medici\u00f3n din\u00e1mica de puntos<\/li>\n<li>Medici\u00f3n en tiempo real<\/li>\n<li>Implantaci\u00f3n de marcos geod\u00e9sicos<\/li>\n<li>Triangulaciones y poligonales<\/li>\n<li>Topogr\u00e1ficas Batim\u00e9tricas<\/li>\n<\/ul>\n","protected":false},"excerpt":{"rendered":"<p>Usado esencialmente para obras civiles y levantamientos r\u00fasticos de gran superficie, obteniendo una gran producci\u00f3n en servicios como: Medici\u00f3n est\u00e1tica<\/p>\n","protected":false},"author":1,"featured_media":0,"parent":25,"menu_order":0,"comment_status":"closed","ping_status":"closed","template":"","meta":{"footnotes":""},"class_list":["post-141","page","type-page","status-publish","hentry","comments-off"],"_links":{"self":[{"href":"https:\/\/intosur.com\/index.php\/wp-json\/wp\/v2\/pages\/141","targetHints":{"allow":["GET"]}}],"collection":[{"href":"https:\/\/intosur.com\/index.php\/wp-json\/wp\/v2\/pages"}],"about":[{"href":"https:\/\/intosur.com\/index.php\/wp-json\/wp\/v2\/types\/page"}],"author":[{"embeddable":true,"href":"https:\/\/intosur.com\/index.php\/wp-json\/wp\/v2\/users\/1"}],"replies":[{"embeddable":true,"href":"https:\/\/intosur.com\/index.php\/wp-json\/wp\/v2\/comments?post=141"}],"version-history":[{"count":1,"href":"https:\/\/intosur.com\/index.php\/wp-json\/wp\/v2\/pages\/141\/revisions"}],"predecessor-version":[{"id":142,"href":"https:\/\/intosur.com\/index.php\/wp-json\/wp\/v2\/pages\/141\/revisions\/142"}],"up":[{"embeddable":true,"href":"https:\/\/intosur.com\/index.php\/wp-json\/wp\/v2\/pages\/25"}],"wp:attachment":[{"href":"https:\/\/intosur.com\/index.php\/wp-json\/wp\/v2\/media?parent=141"}],"curies":[{"name":"wp","href":"https:\/\/api.w.org\/{rel}","templated":true}]}}