{"id":143,"date":"2018-06-19T15:31:33","date_gmt":"2018-06-19T15:31:33","guid":{"rendered":"http:\/\/intosur.com\/?page_id=143"},"modified":"2018-06-19T15:58:51","modified_gmt":"2018-06-19T15:58:51","slug":"medio-ambiente","status":"publish","type":"page","link":"https:\/\/intosur.com\/index.php\/servicios\/medio-ambiente\/","title":{"rendered":"Medio Ambiente"},"content":{"rendered":"<p>INTOSUR S.L. asesora y se compromete en todo tipo de proyectos a realizar, all\u00e1 donde la ubicaci\u00f3n de un nuevo entorno precise un marco ambiental definido y respetuoso. Adem\u00e1s, no s\u00f3lo plantea los problemas ambientales del territorio sino que dise\u00f1a y justifica soluciones a sus clientes. Desarrollamos estudios e informes ambientales y evaluaci\u00f3n de riesgo y caracterizaci\u00f3n medioambiental<\/p>\n","protected":false},"excerpt":{"rendered":"<p>INTOSUR S.L. asesora y se compromete en todo tipo de proyectos a realizar, all\u00e1 donde la ubicaci\u00f3n de un nuevo<\/p>\n","protected":false},"author":1,"featured_media":0,"parent":25,"menu_order":0,"comment_status":"closed","ping_status":"closed","template":"","meta":{"footnotes":""},"class_list":["post-143","page","type-page","status-publish","hentry","comments-off"],"_links":{"self":[{"href":"https:\/\/intosur.com\/index.php\/wp-json\/wp\/v2\/pages\/143","targetHints":{"allow":["GET"]}}],"collection":[{"href":"https:\/\/intosur.com\/index.php\/wp-json\/wp\/v2\/pages"}],"about":[{"href":"https:\/\/intosur.com\/index.php\/wp-json\/wp\/v2\/types\/page"}],"author":[{"embeddable":true,"href":"https:\/\/intosur.com\/index.php\/wp-json\/wp\/v2\/users\/1"}],"replies":[{"embeddable":true,"href":"https:\/\/intosur.com\/index.php\/wp-json\/wp\/v2\/comments?post=143"}],"version-history":[{"count":1,"href":"https:\/\/intosur.com\/index.php\/wp-json\/wp\/v2\/pages\/143\/revisions"}],"predecessor-version":[{"id":144,"href":"https:\/\/intosur.com\/index.php\/wp-json\/wp\/v2\/pages\/143\/revisions\/144"}],"up":[{"embeddable":true,"href":"https:\/\/intosur.com\/index.php\/wp-json\/wp\/v2\/pages\/25"}],"wp:attachment":[{"href":"https:\/\/intosur.com\/index.php\/wp-json\/wp\/v2\/media?parent=143"}],"curies":[{"name":"wp","href":"https:\/\/api.w.org\/{rel}","templated":true}]}}