{"id":167,"date":"2018-06-19T15:41:39","date_gmt":"2018-06-19T15:41:39","guid":{"rendered":"http:\/\/intosur.com\/?page_id=167"},"modified":"2018-09-28T12:48:00","modified_gmt":"2018-09-28T10:48:00","slug":"termino-municipal-de-fernan-nunez","status":"publish","type":"page","link":"https:\/\/intosur.com\/index.php\/proyectos\/termino-municipal-de-fernan-nunez\/","title":{"rendered":"T\u00e9rmino Municipal de Fern\u00e1n N\u00fa\u00f1ez"},"content":{"rendered":"<p>Vuelo LIDAR y Fotogram\u00e9trico<\/p>\n<ul class=\"indent-6\">\n<li>Densidad de puntos 15 puntos metro cuadrado<\/li>\n<li>Ortofoto GSD 5cm<\/li>\n<li>MDT 0,5<\/li>\n<li>Curvado 0,5m<\/li>\n<\/ul>\n<p>[slideshow_deploy id=&#8217;169&#8242;]<\/p>\n","protected":false},"excerpt":{"rendered":"<p>Vuelo LIDAR y Fotogram\u00e9trico Densidad de puntos 15 puntos metro cuadrado Ortofoto GSD 5cm MDT 0,5 Curvado 0,5m [slideshow_deploy id=&#8217;169&#8242;]<\/p>\n","protected":false},"author":1,"featured_media":0,"parent":26,"menu_order":0,"comment_status":"closed","ping_status":"closed","template":"","meta":{"footnotes":""},"class_list":["post-167","page","type-page","status-publish","hentry","comments-off"],"_links":{"self":[{"href":"https:\/\/intosur.com\/index.php\/wp-json\/wp\/v2\/pages\/167","targetHints":{"allow":["GET"]}}],"collection":[{"href":"https:\/\/intosur.com\/index.php\/wp-json\/wp\/v2\/pages"}],"about":[{"href":"https:\/\/intosur.com\/index.php\/wp-json\/wp\/v2\/types\/page"}],"author":[{"embeddable":true,"href":"https:\/\/intosur.com\/index.php\/wp-json\/wp\/v2\/users\/1"}],"replies":[{"embeddable":true,"href":"https:\/\/intosur.com\/index.php\/wp-json\/wp\/v2\/comments?post=167"}],"version-history":[{"count":9,"href":"https:\/\/intosur.com\/index.php\/wp-json\/wp\/v2\/pages\/167\/revisions"}],"predecessor-version":[{"id":305,"href":"https:\/\/intosur.com\/index.php\/wp-json\/wp\/v2\/pages\/167\/revisions\/305"}],"up":[{"embeddable":true,"href":"https:\/\/intosur.com\/index.php\/wp-json\/wp\/v2\/pages\/26"}],"wp:attachment":[{"href":"https:\/\/intosur.com\/index.php\/wp-json\/wp\/v2\/media?parent=167"}],"curies":[{"name":"wp","href":"https:\/\/api.w.org\/{rel}","templated":true}]}}