{"id":178,"date":"2018-06-19T15:53:34","date_gmt":"2018-06-19T15:53:34","guid":{"rendered":"http:\/\/intosur.com\/?page_id=178"},"modified":"2018-09-28T12:48:00","modified_gmt":"2018-09-28T10:48:00","slug":"linea-evacuacion-planta-solares-en-valdecaballeros","status":"publish","type":"page","link":"https:\/\/intosur.com\/index.php\/proyectos\/linea-evacuacion-planta-solares-en-valdecaballeros\/","title":{"rendered":"L\u00ednea evacuaci\u00f3n Planta Solares en Valdecaballeros"},"content":{"rendered":"<p>Vuelo LIDAR y Fotogram\u00e9trico<\/p>\n<ul class=\"indent-6\">\n<li>Densidad de puntos 25 puntos metro cuadrado<\/li>\n<li>Ortofoto GSD 5cm<\/li>\n<li>MDT 0,5<\/li>\n<li>Curvado 0,5m<\/li>\n<\/ul>\n<p>[slideshow_deploy id=&#8217;176&#8242;]<\/p>\n","protected":false},"excerpt":{"rendered":"<p>Vuelo LIDAR y Fotogram\u00e9trico Densidad de puntos 25 puntos metro cuadrado Ortofoto GSD 5cm MDT 0,5 Curvado 0,5m [slideshow_deploy id=&#8217;176&#8242;]<\/p>\n","protected":false},"author":1,"featured_media":0,"parent":26,"menu_order":0,"comment_status":"closed","ping_status":"closed","template":"","meta":{"footnotes":""},"class_list":["post-178","page","type-page","status-publish","hentry","comments-off"],"_links":{"self":[{"href":"https:\/\/intosur.com\/index.php\/wp-json\/wp\/v2\/pages\/178","targetHints":{"allow":["GET"]}}],"collection":[{"href":"https:\/\/intosur.com\/index.php\/wp-json\/wp\/v2\/pages"}],"about":[{"href":"https:\/\/intosur.com\/index.php\/wp-json\/wp\/v2\/types\/page"}],"author":[{"embeddable":true,"href":"https:\/\/intosur.com\/index.php\/wp-json\/wp\/v2\/users\/1"}],"replies":[{"embeddable":true,"href":"https:\/\/intosur.com\/index.php\/wp-json\/wp\/v2\/comments?post=178"}],"version-history":[{"count":1,"href":"https:\/\/intosur.com\/index.php\/wp-json\/wp\/v2\/pages\/178\/revisions"}],"predecessor-version":[{"id":179,"href":"https:\/\/intosur.com\/index.php\/wp-json\/wp\/v2\/pages\/178\/revisions\/179"}],"up":[{"embeddable":true,"href":"https:\/\/intosur.com\/index.php\/wp-json\/wp\/v2\/pages\/26"}],"wp:attachment":[{"href":"https:\/\/intosur.com\/index.php\/wp-json\/wp\/v2\/media?parent=178"}],"curies":[{"name":"wp","href":"https:\/\/api.w.org\/{rel}","templated":true}]}}