{"id":184,"date":"2018-06-19T15:57:58","date_gmt":"2018-06-19T15:57:58","guid":{"rendered":"http:\/\/intosur.com\/?page_id=184"},"modified":"2018-06-19T17:28:22","modified_gmt":"2018-06-19T17:28:22","slug":"medios-humanos","status":"publish","type":"page","link":"https:\/\/intosur.com\/index.php\/medios\/medios-humanos\/","title":{"rendered":"Medios Humanos"},"content":{"rendered":"<p>En nuestro equipo humano contamos con profesionales calificados en todas las \u00e1reas de actuaci\u00f3n de la empresa:<\/p>\n<ul class=\"indent-6\">\n<li>Ingenieros T\u00e9cnicos en Topograf\u00eda<\/li>\n<li>Ingenieros de Montes<\/li>\n<li>Ingenieros T\u00e9cnicos Industriales<\/li>\n<li>Ingenieros de Telecomunicaciones<\/li>\n<li>Top\u00f3grafos<\/li>\n<li>Licenciados en Ciencias Econ\u00f3micas<\/li>\n<\/ul>\n","protected":false},"excerpt":{"rendered":"<p>En nuestro equipo humano contamos con profesionales calificados en todas las \u00e1reas de actuaci\u00f3n de la empresa: Ingenieros T\u00e9cnicos en<\/p>\n","protected":false},"author":1,"featured_media":0,"parent":27,"menu_order":0,"comment_status":"closed","ping_status":"closed","template":"","meta":{"footnotes":""},"class_list":["post-184","page","type-page","status-publish","hentry","comments-off"],"_links":{"self":[{"href":"https:\/\/intosur.com\/index.php\/wp-json\/wp\/v2\/pages\/184","targetHints":{"allow":["GET"]}}],"collection":[{"href":"https:\/\/intosur.com\/index.php\/wp-json\/wp\/v2\/pages"}],"about":[{"href":"https:\/\/intosur.com\/index.php\/wp-json\/wp\/v2\/types\/page"}],"author":[{"embeddable":true,"href":"https:\/\/intosur.com\/index.php\/wp-json\/wp\/v2\/users\/1"}],"replies":[{"embeddable":true,"href":"https:\/\/intosur.com\/index.php\/wp-json\/wp\/v2\/comments?post=184"}],"version-history":[{"count":1,"href":"https:\/\/intosur.com\/index.php\/wp-json\/wp\/v2\/pages\/184\/revisions"}],"predecessor-version":[{"id":185,"href":"https:\/\/intosur.com\/index.php\/wp-json\/wp\/v2\/pages\/184\/revisions\/185"}],"up":[{"embeddable":true,"href":"https:\/\/intosur.com\/index.php\/wp-json\/wp\/v2\/pages\/27"}],"wp:attachment":[{"href":"https:\/\/intosur.com\/index.php\/wp-json\/wp\/v2\/media?parent=184"}],"curies":[{"name":"wp","href":"https:\/\/api.w.org\/{rel}","templated":true}]}}