{"id":186,"date":"2018-06-19T16:00:10","date_gmt":"2018-06-19T16:00:10","guid":{"rendered":"http:\/\/intosur.com\/?page_id=186"},"modified":"2018-06-19T17:28:28","modified_gmt":"2018-06-19T17:28:28","slug":"medios-materiales","status":"publish","type":"page","link":"https:\/\/intosur.com\/index.php\/medios\/medios-materiales\/","title":{"rendered":"Medios Materiales"},"content":{"rendered":"<ul class=\"indent-6\">\n<li>LiDAR A\u00e9reo RIEGL VQ380i<\/li>\n<li>Sistema inercial Applanix<\/li>\n<li>C\u00e1mara fotogram\u00e9trica PhaseOne 80 MP<\/li>\n<li>Ecosonda de doble frecuencia 38,50 \u00f3 200 KHz, pantalla LCD de alta resoluci\u00f3n<\/li>\n<li>Restituidores fotogram\u00e9tricos \u00faltima generaci\u00f3n<\/li>\n<li>Sistemas topogr\u00e1ficos LEICA de \u00faltima generaci\u00f3n:\n<ul class=\"indent-6\">\n<li>L\u00e1ser terrestre C10<\/li>\n<li>Sistemas GPS bifrecuencia RTK<\/li>\n<li>Estaciones totales con distanci\u00f3metro l\u00e1ser<\/li>\n<li>Niveles para ingenier\u00eda<\/li>\n<li>Distanci\u00f3metro l\u00e1ser<\/li>\n<\/ul>\n<\/li>\n<\/ul>\n","protected":false},"excerpt":{"rendered":"<p>LiDAR A\u00e9reo RIEGL VQ380i Sistema inercial Applanix C\u00e1mara fotogram\u00e9trica PhaseOne 80 MP Ecosonda de doble frecuencia 38,50 \u00f3 200 KHz,<\/p>\n","protected":false},"author":1,"featured_media":0,"parent":27,"menu_order":0,"comment_status":"closed","ping_status":"closed","template":"","meta":{"footnotes":""},"class_list":["post-186","page","type-page","status-publish","hentry","comments-off"],"_links":{"self":[{"href":"https:\/\/intosur.com\/index.php\/wp-json\/wp\/v2\/pages\/186","targetHints":{"allow":["GET"]}}],"collection":[{"href":"https:\/\/intosur.com\/index.php\/wp-json\/wp\/v2\/pages"}],"about":[{"href":"https:\/\/intosur.com\/index.php\/wp-json\/wp\/v2\/types\/page"}],"author":[{"embeddable":true,"href":"https:\/\/intosur.com\/index.php\/wp-json\/wp\/v2\/users\/1"}],"replies":[{"embeddable":true,"href":"https:\/\/intosur.com\/index.php\/wp-json\/wp\/v2\/comments?post=186"}],"version-history":[{"count":1,"href":"https:\/\/intosur.com\/index.php\/wp-json\/wp\/v2\/pages\/186\/revisions"}],"predecessor-version":[{"id":187,"href":"https:\/\/intosur.com\/index.php\/wp-json\/wp\/v2\/pages\/186\/revisions\/187"}],"up":[{"embeddable":true,"href":"https:\/\/intosur.com\/index.php\/wp-json\/wp\/v2\/pages\/27"}],"wp:attachment":[{"href":"https:\/\/intosur.com\/index.php\/wp-json\/wp\/v2\/media?parent=186"}],"curies":[{"name":"wp","href":"https:\/\/api.w.org\/{rel}","templated":true}]}}