{"id":213,"date":"2018-06-19T16:20:01","date_gmt":"2018-06-19T16:20:01","guid":{"rendered":"http:\/\/intosur.com\/?page_id=213"},"modified":"2019-08-27T18:51:11","modified_gmt":"2019-08-27T16:51:11","slug":"medio-ambiente","status":"publish","type":"page","link":"https:\/\/intosur.com\/index.php\/certificaciones\/medio-ambiente\/","title":{"rendered":"Medio Ambiente"},"content":{"rendered":"<p style=\"text-align: center;\"><a href=\"http:\/\/intosur.com\/wp-content\/uploads\/2018\/10\/IQNetES-2009-0475_2018-07-27.png\" target=\"_blank\" rel=\"noopener noreferrer\"><img loading=\"lazy\" decoding=\"async\" class=\"alignnone wp-image-316 size-thumbnail\" src=\"http:\/\/intosur.com\/wp-content\/uploads\/2018\/10\/IQNetES-2009-0475_2018-07-27-150x150.png\" alt=\"\" width=\"150\" height=\"150\" \/><\/a><a href=\"http:\/\/intosur.com\/wp-content\/uploads\/2018\/10\/CertificadoGA-2009-0475_ES_2018-07-27.png\"><img loading=\"lazy\" decoding=\"async\" class=\"alignnone size-thumbnail wp-image-317\" src=\"http:\/\/intosur.com\/wp-content\/uploads\/2018\/10\/CertificadoGA-2009-0475_ES_2018-07-27-150x150.png\" alt=\"\" width=\"150\" height=\"150\" \/><\/a><\/p>\n<p>Respecto a Medio Ambiente, INTOSUR, S.L. mantiene una preocupaci\u00f3n constante por el mismo, dado que la mayor parte de sus trabajos son desarrollados en campo. Para ello es necesario identificar y controlar todos los impactos que causa el desarrollo de su actividad. A continuaci\u00f3n se detallan los principios de dicha pol\u00edtica:<\/p>\n<ul class=\"indent-6\">\n<li>Prevenci\u00f3n y minimizaci\u00f3n de la contaminaci\u00f3n y mejorar, de forma continua, su desempe\u00f1o ambiental.<\/li>\n<li>Cumplir con los requisitos legales ambientales aplicables, as\u00ed como con otros requisitos ambientales que INTOSUR, S.L. suscriba.<\/li>\n<li>Fomentar entre todos los empleados un compromiso de responsabilidad en relaci\u00f3n con el Medio Ambiente.<\/li>\n<li>Adoptar las medidas oportunas para evitar accidentes o incidentes que puedan afectar al Medio Ambiente y tener previstas las actuaciones a realizar en caso de que llegaran a producirse.<\/li>\n<\/ul>\n<p>Con el fin de demostrar un s\u00f3lido desempe\u00f1o ambiental, Intosur como empresa concienciada con el Medio Ambiente, se propone como reto la reducci\u00f3n del consumo energ\u00e9tico, as\u00ed como reforzar su compromiso con la mejora continua del Sistema de Gesti\u00f3n Ambiental Implantado, en base a la NORMA UNE-EN- ISO 14001:2015.<\/p>\n<p>Todos los datos de consumo de la empresa quedan a disposici\u00f3n de las partes interesadas, previa solicitud mediante email.<\/p>\n","protected":false},"excerpt":{"rendered":"<p>Respecto a Medio Ambiente, INTOSUR, S.L. mantiene una preocupaci\u00f3n constante por el mismo, dado que la mayor parte de sus<\/p>\n","protected":false},"author":1,"featured_media":0,"parent":28,"menu_order":0,"comment_status":"closed","ping_status":"closed","template":"","meta":{"footnotes":""},"class_list":["post-213","page","type-page","status-publish","hentry","comments-off"],"_links":{"self":[{"href":"https:\/\/intosur.com\/index.php\/wp-json\/wp\/v2\/pages\/213","targetHints":{"allow":["GET"]}}],"collection":[{"href":"https:\/\/intosur.com\/index.php\/wp-json\/wp\/v2\/pages"}],"about":[{"href":"https:\/\/intosur.com\/index.php\/wp-json\/wp\/v2\/types\/page"}],"author":[{"embeddable":true,"href":"https:\/\/intosur.com\/index.php\/wp-json\/wp\/v2\/users\/1"}],"replies":[{"embeddable":true,"href":"https:\/\/intosur.com\/index.php\/wp-json\/wp\/v2\/comments?post=213"}],"version-history":[{"count":6,"href":"https:\/\/intosur.com\/index.php\/wp-json\/wp\/v2\/pages\/213\/revisions"}],"predecessor-version":[{"id":346,"href":"https:\/\/intosur.com\/index.php\/wp-json\/wp\/v2\/pages\/213\/revisions\/346"}],"up":[{"embeddable":true,"href":"https:\/\/intosur.com\/index.php\/wp-json\/wp\/v2\/pages\/28"}],"wp:attachment":[{"href":"https:\/\/intosur.com\/index.php\/wp-json\/wp\/v2\/media?parent=213"}],"curies":[{"name":"wp","href":"https:\/\/api.w.org\/{rel}","templated":true}]}}