{"id":218,"date":"2018-06-19T16:23:21","date_gmt":"2018-06-19T14:23:21","guid":{"rendered":"http:\/\/intosur.com\/?page_id=218"},"modified":"2019-08-27T18:51:46","modified_gmt":"2019-08-27T16:51:46","slug":"inscripcion-en-el-rea","status":"publish","type":"page","link":"https:\/\/intosur.com\/index.php\/certificaciones\/inscripcion-en-el-rea\/","title":{"rendered":"Inscripci\u00f3n en el REA"},"content":{"rendered":"<p>INTOSUR, S.L. ha sido inscrita en el Registro de Empresa Acreditadas como contratistas o subcontratistas del sector de la construcci\u00f3n de la Comunidad Aut\u00f3noma de Andaluc\u00eda, de acuerdo con el art\u00edculo 6 del <a href=\"http:\/\/www.boe.es\/aeboe\/consultas\/bases_datos\/doc.php?coleccion=iberlex&amp;id=2007\/15766\" target=\"_blank\" rel=\"noopener noreferrer\">Real Decreto 1109\/2007<\/a>, de 24 de agosto, por el que se desarrolla la <a href=\"http:\/\/www.boe.es\/boe\/dias\/2006\/10\/19\/pdfs\/A36317-36323.pdf\" target=\"_blank\" rel=\"noopener noreferrer\">Ley 32\/2006<\/a>, de 18 de octubre, reguladora de la subcontrataci\u00f3n en el Sector de la Construcci\u00f3n y el art\u00edculo 14 de la <a href=\"http:\/\/www.juntadeandalucia.es\/boja\/boletines\/2008\/116\/d\/2.html\" target=\"_blank\" rel=\"noopener noreferrer\">Orden de 23 de mayo de 2008<\/a>, por la que se crea el Registro de Empresas Acreditadas como contratistas o subcontratistas del Sector de la Construcci\u00f3n de la Comunidad Aut\u00f3noma de Andalucia.<\/p>\n<p><a href=\"http:\/\/intosur.com\/wp-content\/uploads\/2018\/06\/CERTIFICADO-DE-INSCRIPCION-EN-EL-REA.pdf\" target=\"_blank\" rel=\"noopener noreferrer\"><img loading=\"lazy\" decoding=\"async\" class=\"alignnone wp-image-199 size-thumbnail\" src=\"http:\/\/intosur.com\/wp-content\/uploads\/2018\/06\/CERTIFICADO-INCRIPCION-EN-EL-REA-150x150.jpg\" alt=\"\" width=\"150\" height=\"150\" \/><\/a><\/p>\n","protected":false},"excerpt":{"rendered":"<p>INTOSUR, S.L. ha sido inscrita en el Registro de Empresa Acreditadas como contratistas o subcontratistas del sector de la construcci\u00f3n<\/p>\n","protected":false},"author":1,"featured_media":0,"parent":28,"menu_order":0,"comment_status":"closed","ping_status":"closed","template":"","meta":{"footnotes":""},"class_list":["post-218","page","type-page","status-publish","hentry","comments-off"],"_links":{"self":[{"href":"https:\/\/intosur.com\/index.php\/wp-json\/wp\/v2\/pages\/218","targetHints":{"allow":["GET"]}}],"collection":[{"href":"https:\/\/intosur.com\/index.php\/wp-json\/wp\/v2\/pages"}],"about":[{"href":"https:\/\/intosur.com\/index.php\/wp-json\/wp\/v2\/types\/page"}],"author":[{"embeddable":true,"href":"https:\/\/intosur.com\/index.php\/wp-json\/wp\/v2\/users\/1"}],"replies":[{"embeddable":true,"href":"https:\/\/intosur.com\/index.php\/wp-json\/wp\/v2\/comments?post=218"}],"version-history":[{"count":5,"href":"https:\/\/intosur.com\/index.php\/wp-json\/wp\/v2\/pages\/218\/revisions"}],"predecessor-version":[{"id":348,"href":"https:\/\/intosur.com\/index.php\/wp-json\/wp\/v2\/pages\/218\/revisions\/348"}],"up":[{"embeddable":true,"href":"https:\/\/intosur.com\/index.php\/wp-json\/wp\/v2\/pages\/28"}],"wp:attachment":[{"href":"https:\/\/intosur.com\/index.php\/wp-json\/wp\/v2\/media?parent=218"}],"curies":[{"name":"wp","href":"https:\/\/api.w.org\/{rel}","templated":true}]}}