{"id":25,"date":"2018-06-07T16:44:26","date_gmt":"2018-06-07T16:44:26","guid":{"rendered":"http:\/\/intosur.com\/?page_id=25"},"modified":"2018-09-28T12:09:43","modified_gmt":"2018-09-28T10:09:43","slug":"servicios","status":"publish","type":"page","link":"https:\/\/intosur.com\/index.php\/servicios\/","title":{"rendered":"SERVICIOS"},"content":{"rendered":"<ul class=\"list\">\n<li><a href=\"http:\/\/intosur.com\/index.php\/servicios\/topografia\/\">Topograf\u00eda<\/a><\/li>\n<li><a href=\"http:\/\/intosur.com\/index.php\/servicios\/batimetria\/\">Cartograf\u00eda<\/a><\/li>\n<li><a href=\"http:\/\/intosur.com\/index.php\/servicios\/fotogrametria\/\">Fotogrametr\u00eda<\/a><\/li>\n<li><a href=\"http:\/\/intosur.com\/index.php\/servicios\/batimetria\">Batimetr\u00eda<\/a><\/li>\n<li><a href=\"http:\/\/intosur.com\/index.php\/servicios\/sig\">SIG<\/a><\/li>\n<li><a href=\"http:\/\/intosur.com\/index.php\/servicios\/gps\">GPS<\/a><\/li>\n<li><a href=\"http:\/\/intosur.com\/index.php\/servicios\/proyectos\">Proyectos<\/a><\/li>\n<li><a href=\"http:\/\/intosur.com\/index.php\/servicios\/permisos\">Permisos<\/a><\/li>\n<li><a href=\"http:\/\/intosur.com\/index.php\/servicios\/ambiente\">Medio Ambiente<\/a><\/li>\n<li><a href=\"http:\/\/intosur.com\/index.php\/servicios\/idi\">I+D+I<\/a><\/li>\n<\/ul>\n","protected":false},"excerpt":{"rendered":"<p>Topograf\u00eda Cartograf\u00eda Fotogrametr\u00eda Batimetr\u00eda SIG GPS Proyectos Permisos Medio Ambiente I+D+I<\/p>\n","protected":false},"author":1,"featured_media":0,"parent":0,"menu_order":0,"comment_status":"closed","ping_status":"closed","template":"","meta":{"footnotes":""},"class_list":["post-25","page","type-page","status-publish","hentry","comments-off"],"_links":{"self":[{"href":"https:\/\/intosur.com\/index.php\/wp-json\/wp\/v2\/pages\/25","targetHints":{"allow":["GET"]}}],"collection":[{"href":"https:\/\/intosur.com\/index.php\/wp-json\/wp\/v2\/pages"}],"about":[{"href":"https:\/\/intosur.com\/index.php\/wp-json\/wp\/v2\/types\/page"}],"author":[{"embeddable":true,"href":"https:\/\/intosur.com\/index.php\/wp-json\/wp\/v2\/users\/1"}],"replies":[{"embeddable":true,"href":"https:\/\/intosur.com\/index.php\/wp-json\/wp\/v2\/comments?post=25"}],"version-history":[{"count":4,"href":"https:\/\/intosur.com\/index.php\/wp-json\/wp\/v2\/pages\/25\/revisions"}],"predecessor-version":[{"id":292,"href":"https:\/\/intosur.com\/index.php\/wp-json\/wp\/v2\/pages\/25\/revisions\/292"}],"wp:attachment":[{"href":"https:\/\/intosur.com\/index.php\/wp-json\/wp\/v2\/media?parent=25"}],"curies":[{"name":"wp","href":"https:\/\/api.w.org\/{rel}","templated":true}]}}