{"id":26,"date":"2018-06-07T16:44:26","date_gmt":"2018-06-07T16:44:26","guid":{"rendered":"http:\/\/intosur.com\/?page_id=26"},"modified":"2018-09-28T12:48:00","modified_gmt":"2018-09-28T10:48:00","slug":"proyectos","status":"publish","type":"page","link":"https:\/\/intosur.com\/index.php\/proyectos\/","title":{"rendered":"PROYECTOS"},"content":{"rendered":"<ul class=\"list\">\n<li><a href=\"http:\/\/intosur.com\/index.php\/proyectos\/termino-municipal-de-fernan-nunez\/\">T\u00e9rmino Municipal de Fern\u00e1n N\u00fa\u00f1ez<\/a><\/li>\n<li><a href=\"http:\/\/intosur.com\/index.php\/proyectos\/transmission-line-between-lessos-and-tororo-kenyas-border\/\">Transmission line between Lessos and Tororo (Kenya&#8217;s border)<\/a><\/li>\n<li><a href=\"http:\/\/intosur.com\/index.php\/proyectos\/linea-evacuacion-planta-solares-en-valdecaballeros\/\">L\u00ednea evacuaci\u00f3n Planta Solares en Valdecaballeros<\/a><\/li>\n<\/ul>\n","protected":false},"excerpt":{"rendered":"<p>T\u00e9rmino Municipal de Fern\u00e1n N\u00fa\u00f1ez Transmission line between Lessos and Tororo (Kenya&#8217;s border) L\u00ednea evacuaci\u00f3n Planta Solares en Valdecaballeros<\/p>\n","protected":false},"author":1,"featured_media":0,"parent":0,"menu_order":0,"comment_status":"closed","ping_status":"closed","template":"","meta":{"footnotes":""},"class_list":["post-26","page","type-page","status-publish","hentry","comments-off"],"_links":{"self":[{"href":"https:\/\/intosur.com\/index.php\/wp-json\/wp\/v2\/pages\/26","targetHints":{"allow":["GET"]}}],"collection":[{"href":"https:\/\/intosur.com\/index.php\/wp-json\/wp\/v2\/pages"}],"about":[{"href":"https:\/\/intosur.com\/index.php\/wp-json\/wp\/v2\/types\/page"}],"author":[{"embeddable":true,"href":"https:\/\/intosur.com\/index.php\/wp-json\/wp\/v2\/users\/1"}],"replies":[{"embeddable":true,"href":"https:\/\/intosur.com\/index.php\/wp-json\/wp\/v2\/comments?post=26"}],"version-history":[{"count":8,"href":"https:\/\/intosur.com\/index.php\/wp-json\/wp\/v2\/pages\/26\/revisions"}],"predecessor-version":[{"id":293,"href":"https:\/\/intosur.com\/index.php\/wp-json\/wp\/v2\/pages\/26\/revisions\/293"}],"wp:attachment":[{"href":"https:\/\/intosur.com\/index.php\/wp-json\/wp\/v2\/media?parent=26"}],"curies":[{"name":"wp","href":"https:\/\/api.w.org\/{rel}","templated":true}]}}