{"id":28,"date":"2018-06-07T16:44:26","date_gmt":"2018-06-07T16:44:26","guid":{"rendered":"http:\/\/intosur.com\/?page_id=28"},"modified":"2018-06-19T17:29:44","modified_gmt":"2018-06-19T17:29:44","slug":"certificaciones","status":"publish","type":"page","link":"https:\/\/intosur.com\/index.php\/certificaciones\/","title":{"rendered":"CERTIFICACIONES"},"content":{"rendered":"<p><strong class=\"indent-bot\">POLITICA DE CALIDAD Y MEDIO AMBIENTE DE INTOSUR, S.L.<\/strong><\/p>\n<p>INTOSUR, S.L. &#8211; INGENIER\u00cdA TOPOGR\u00c1FICA DEL SUR, S.L. es una empresa l\u00edder en servicios de Ingenier\u00eda especializada en:<\/p>\n<ul class=\"indent-6\">\n<li>TOPOGRAF\u00cdA<\/li>\n<li>BATIMETR\u00cdA<\/li>\n<li>CARTOGRAF\u00cdA<\/li>\n<li>LASER 3D<\/li>\n<\/ul>\n<p>INTOSUR, S.L. tiene implantado un Sistema de Gesti\u00f3n Integrado de Calidad y Medio Ambiente seg\u00fan las Normas UNE-EN ISO 9001:2008 y UNE-EN ISO 14001:2004 respectivamente. Con el objetivo de una implantaci\u00f3n adecuada del sistema se expone la Pol\u00edtica de Calidad y Medio Ambiente de INTOSUR, S.L., donde se marcan las directrices generales y los compromisos en materia ambiental y de calidad.<\/p>\n<ul>\n<li><a href=\"http:\/\/intosur.com\/index.php\/certificaciones\/calidad\/\">Calidad<\/a><\/li>\n<li><a href=\"http:\/\/intosur.com\/index.php\/certificaciones\/medio-ambiente\/\">Medio Ambiente<\/a><\/li>\n<li><a href=\"http:\/\/intosur.com\/index.php\/certificaciones\/inscripcion-en-el-rea\/\">Inscripci\u00f3n en el REA<\/a><\/li>\n<\/ul>\n","protected":false},"excerpt":{"rendered":"<p>POLITICA DE CALIDAD Y MEDIO AMBIENTE DE INTOSUR, S.L. INTOSUR, S.L. &#8211; INGENIER\u00cdA TOPOGR\u00c1FICA DEL SUR, S.L. es una empresa<\/p>\n","protected":false},"author":1,"featured_media":0,"parent":0,"menu_order":0,"comment_status":"closed","ping_status":"closed","template":"","meta":{"footnotes":""},"class_list":["post-28","page","type-page","status-publish","hentry","comments-off"],"_links":{"self":[{"href":"https:\/\/intosur.com\/index.php\/wp-json\/wp\/v2\/pages\/28","targetHints":{"allow":["GET"]}}],"collection":[{"href":"https:\/\/intosur.com\/index.php\/wp-json\/wp\/v2\/pages"}],"about":[{"href":"https:\/\/intosur.com\/index.php\/wp-json\/wp\/v2\/types\/page"}],"author":[{"embeddable":true,"href":"https:\/\/intosur.com\/index.php\/wp-json\/wp\/v2\/users\/1"}],"replies":[{"embeddable":true,"href":"https:\/\/intosur.com\/index.php\/wp-json\/wp\/v2\/comments?post=28"}],"version-history":[{"count":4,"href":"https:\/\/intosur.com\/index.php\/wp-json\/wp\/v2\/pages\/28\/revisions"}],"predecessor-version":[{"id":241,"href":"https:\/\/intosur.com\/index.php\/wp-json\/wp\/v2\/pages\/28\/revisions\/241"}],"wp:attachment":[{"href":"https:\/\/intosur.com\/index.php\/wp-json\/wp\/v2\/media?parent=28"}],"curies":[{"name":"wp","href":"https:\/\/api.w.org\/{rel}","templated":true}]}}