{"id":3,"date":"2018-06-07T16:20:16","date_gmt":"2018-06-07T14:20:16","guid":{"rendered":"http:\/\/intosur.com\/?page_id=3"},"modified":"2019-08-27T18:52:37","modified_gmt":"2019-08-27T16:52:37","slug":"privacy-policy","status":"publish","type":"page","link":"https:\/\/intosur.com\/index.php\/la-empresa\/privacy-policy\/","title":{"rendered":"Pol\u00edtica de Privacidad"},"content":{"rendered":"<h2><span class=\"fontstyle0\">\u00bfQu\u00e9 tratamientos realizamos con sus datos personales?<\/span><\/h2>\n<p><span class=\"fontstyle0\">En cumplimiento del Reglamento (UE) 2016\/679 y de la Ley Org\u00e1nica de Protecci\u00f3n de Datos de Car\u00e1cter Personal, le comunicamos que sus datos personales pueden ser objeto de algunos de los siguientes tratamientos:<\/span><\/p>\n<ul>\n<li><span class=\"fontstyle0\">TR04 &#8211; Campa\u00f1as publicitarias (Base legal: Ley 34\/1988, de 11 de noviembre, General de Publicidad.)<\/span><\/li>\n<li><span class=\"fontstyle0\">TR08 &#8211; Recabar la opini\u00f3n de los interesados (Base legal: Reglamento (UE) 2016\/679 de protecci\u00f3n de datos y LOPD.)<\/span><\/li>\n<li><span class=\"fontstyle0\">TR03 &#8211; Selecci\u00f3n de personal propio (Base legal: Real Decreto Legislativo 3\/2015, de 23 de octubre, por el que<br>se aprueba el texto refundido de la ley de Empleo.)<\/span><\/li>\n<li><span class=\"fontstyle0\">TG01 &#8211; Gesti\u00f3n contable y de libros propia, en calidad de responsable. (Base legal: Real Decreto 1514\/2007,<br>de 16 de Noviembre, por el que se regula el Plan General Contable.)<\/span><\/li>\n<li><span class=\"fontstyle0\">TG25 &#8211; Recogida de datos para la gesti\u00f3n fiscal propia (Base legal: Ley 58\/2003, de 17 de diciembre, General<br>Tributaria.)<\/span><\/li>\n<li><span class=\"fontstyle0\">TG12 &#8211; Gesti\u00f3n laboral propia: recogida de datos (Base legal: Real Decreto Legislativo 1\/1994, de 20 de junio,<br>por el que se aprueba el Texto Refundido de la Ley General de la Seguridad Social.)<\/span><\/li>\n<li><span class=\"fontstyle0\">TR09 &#8211; Seguridades sobre medidas t\u00e9cnicas y organizativas en el software aplicado (Base legal: Reglamento<br>(UE) 2016\/679 de protecci\u00f3n de datos y LOPD.)<\/span><\/li>\n<li><span class=\"fontstyle0\">TE08 &#8211; Protecci\u00f3n de Datos Personales (Base legal: Reglamento (UE) 2016\/679 y Ley Org\u00e1nica 3\/2018.)<\/span><\/li>\n<li><span class=\"fontstyle0\">TE02 &#8211; Prevenci\u00f3n de riesgos laborales (Base legal: Ley 31\/1995, de 8 de noviembre, de prevenci\u00f3n de Riesgos Laborales.)<\/span><\/li>\n<li><span class=\"fontstyle0\">TE07 &#8211; Destrucci\u00f3n de documentos (Base legal: Reglamento (UE) 2016\/679)<\/span><\/li>\n<li><span class=\"fontstyle0\">TV01 &#8211; Ventas \/ Prestaci\u00f3n de Servicios (Base legal: Legislaci\u00f3n Mercantil y Fiscal)<\/span><\/li>\n<li><span class=\"fontstyle0\">TE03 &#8211; Servicio de transporte y\/o env\u00edos de paquetes (Base legal: Real Decreto de 22 de agosto de 1885 por el que se publica el C\u00f3digo de Comercio.)<\/span><\/li>\n<li><span class=\"fontstyle0\">TR05 &#8211; Correos electr\u00f3nicos (Base legal: C\u00f3digo de comercio y dem\u00e1s legislaci\u00f3n aplicable.)<\/span><\/li>\n<li><span class=\"fontstyle0\">TR01 &#8211; Solicitudes de informaci\u00f3n recibidas (Base legal: C\u00f3digo de Comercio y otras disposiciones mercantiles.)<\/span><\/li>\n<li><span class=\"fontstyle0\">TR07 &#8211; Gesti\u00f3n de incidencias y\/o violaciones de seguridad (Base legal: Reglamento (UE) 2016\/679 de protecci\u00f3n de datos y LOPD.)<\/span><\/li>\n<li><span class=\"fontstyle0\">TE04 &#8211; Gesti\u00f3n de asuntos jur\u00eddicos propios (Base legal: Legislaci\u00f3n mercantil y laboral de aplicaci\u00f3n.)<\/span><\/li>\n<li><span class=\"fontstyle0\">TE01 &#8211; Mantenimiento de los sistemas inform\u00e1ticos (Base legal: C\u00f3digo de comercio.<\/span><\/li>\n<\/ul>\n<h2><span class=\"fontstyle0\">\u00bfQui\u00e9nes somos?<\/span><\/h2>\n<p><span class=\"fontstyle0\">Nosotros somos los responsables del tratamiento de sus datos. Por ello, se informa de modo expreso, preciso e inequ\u00edvoco, tanto a los interesados como a los \u00f3rganos competentes, de los siguientes aspectos relativos al<br>responsable del tratamiento:<\/span><\/p>\n<p style=\"padding-left: 40px;\">INGENIERIA TOPOGRAFICA DEL SUR, S.L.<br>B14549034<br>CALLE MIGUEL HERNANDEZ,4, BAJO<br>FERNAN NU\u00d1EZ<br>14520<br>CORDOBA<br>jmluque@intosur.com<\/p>\n<h2><span class=\"fontstyle0\">\u00bfPara qu\u00e9 usamos sus datos personales?<\/span><\/h2>\n<p><span class=\"fontstyle0\">En esta organizaci\u00f3n, podremos tratar sus datos de car\u00e1cter personal exclusivamente para las finalidades que se indican a continuaci\u00f3n:<\/span><\/p>\n<ul>\n<li><span class=\"fontstyle0\">Comprobar que se est\u00e1n llevando a cabo todas las medidas t\u00e9cnicas necesarias para la correcta gesti\u00f3n de los datos personales con el software aplicado.<\/span><\/li>\n<li><span class=\"fontstyle0\">Env\u00edo de informaci\u00f3n comercial y\/o publicitaria mediante correo electr\u00f3nico.<\/span><\/li>\n<li><span class=\"fontstyle0\">Gesti\u00f3n de las peticiones de informaci\u00f3n recibidas por el interesado sobre nuestros productos o servicios.<\/span><\/li>\n<li><span class=\"fontstyle0\">Gesti\u00f3n exclusiva de las incidencias internas detectadas en el cumplimiento de los requisitos del RGPD.<\/span><\/li>\n<li><span class=\"fontstyle0\">Realizar campa\u00f1as publicitarias para publicitar nuestros servicios y\/o productos.<\/span><\/li>\n<li><span class=\"fontstyle0\">Recabar la opini\u00f3n de los interesados.<\/span><\/li>\n<li><span class=\"fontstyle0\">Selecci\u00f3n de personal para cubrir las vacantes de empleo necesarias.<\/span><\/li>\n<li><span class=\"fontstyle0\">Cumplir con todos los requisitos previstos en la Ley de Prevenci\u00f3n de Riesgos Laborales.<\/span><\/li>\n<li><span class=\"fontstyle0\">Env\u00edo de paqueter\u00eda y correspondencia.<\/span><\/li>\n<li><span class=\"fontstyle0\">Gestionar cualquier problema de \u00edndole jur\u00eddica que afecte a la empresa.<\/span><\/li>\n<li><span class=\"fontstyle0\">Gestionar, mantener y reparar los sistemas de almacenamiento inform\u00e1tico.<\/span><\/li>\n<li><span class=\"fontstyle0\">Actuaciones para llevar a cabo la gesti\u00f3n laboral propia.<\/span><\/li>\n<li><span class=\"fontstyle0\">Actuaciones para llevar a cabo la gesti\u00f3n fiscal y contable propia.<\/span><\/li>\n<li><span class=\"fontstyle0\">Cumplir el principio de limitaci\u00f3n del plazo de conservaci\u00f3n de los datos personales.<\/span><\/li>\n<li><span class=\"fontstyle0\">Cumplimiento de los requisitos exigidos por el Reglamento (UE) 2016\/679 y la Ley Org\u00e1nica 3\/2018.<\/span><\/li>\n<li><span class=\"fontstyle0\">Gesti\u00f3n Administrativa de clientes particulares.<\/span><\/li>\n<li><span class=\"fontstyle0\">Llevar a cabo la venta o prestaci\u00f3n del servicio contratado.<\/span><\/li>\n<\/ul>\n<p><span class=\"fontstyle0\">Podr\u00e1 elaborarse un perfil comercial o de usuario, en base a la informaci\u00f3n facilitada u obtenida. Se informa expresamente de que, en ning\u00fan caso, se elaborar\u00e1n perfiles con los datos de un menor.<\/span><\/p>\n<p><span class=\"fontstyle0\">Los datos personales proporcionados por usted se conservar\u00e1n mientras dure la relaci\u00f3n contractual o, en su caso, mientras no ejerza su derecho de oposici\u00f3n o bien retire el consentimiento otorgado. Para ello, puede dirigirse a la secci\u00f3n correspondiente en nuestra web o enviar un e-mail a la direcci\u00f3n indicada en el apartado relativo al responsable.<\/span><\/p>\n<h2><span class=\"fontstyle0\">\u00bfPor qu\u00e9 los usamos?<\/span><\/h2>\n<p><span class=\"fontstyle0\"> Estamos legitimados para tratar sus datos personales por las siguientes razones:<\/span><\/p>\n<ul>\n<li><span class=\"fontstyle0\">Su consentimiento inequ\u00edvoco, informado y expreso, en aquellos supuestos en los que sea legalmente exigible, sin que, en ning\u00fan caso, la retirada de del mismo condicione la ejecuci\u00f3n de otros tratamientos cuya legitimaci\u00f3n sea distinta, y sin que dicha retirada afecte a la licitud del tratamiento anterior a la retirada del mismo.<\/span><\/li>\n<li><span class=\"fontstyle0\">Una obligaci\u00f3n legal del responsable del tratamiento.<\/span><\/li>\n<li><span class=\"fontstyle0\">La ejecuci\u00f3n del contrato de prestaci\u00f3n de servicios y\/o de compraventa de los productos correspondientes, suscrito por usted.<\/span><\/li>\n<li><span class=\"fontstyle0\">La base legal para el tratamiento de sus datos es un inter\u00e9s leg\u00edtimo del responsable. Dicho inter\u00e9s se apoya en la previa realizaci\u00f3n de un juicio de proporcionalidad o ponderaci\u00f3n entre el inter\u00e9s leg\u00edtimo del responsable y los intereses o derechos y libertades de los interesados. Esta ponderaci\u00f3n ha implicado la evaluaci\u00f3n del inter\u00e9s, la evaluaci\u00f3n del impacto del tratamiento sobre los interesados, el equilibrio entre los dos conceptos anteriores y la implementaci\u00f3n de garant\u00edas adicionales. Siendo la ponderaci\u00f3n final favorable al responsable, el tratamiento puede llevarse a cabo de conformidad con la normativa aplicable en materia de protecci\u00f3n de datos personales.<\/span><\/li>\n<\/ul>\n<p><span class=\"fontstyle0\">Para cualquier duda o aclaraci\u00f3n, puede contactar con nosotros a trav\u00e9s del e-mail facilitado en el apartado correspondiente al responsable del tratamiento.<\/span><\/p>\n<h2><span class=\"fontstyle0\">\u00bfCon qui\u00e9n podemos compartir sus datos personales?<\/span><\/h2>\n<p><span class=\"fontstyle0\">Sus datos personales se comunicar\u00e1n a las siguientes empresas y organismos:<\/span><\/p>\n<ul>\n<li><span class=\"fontstyle0\">Agencia Tributaria<\/span><\/li>\n<li><span class=\"fontstyle0\">Servicio P\u00fablico de Empleo Estatal<\/span><\/li>\n<li><span class=\"fontstyle0\">Tesorer\u00eda General de la Seguridad Social<\/span><\/li>\n<li><span class=\"fontstyle0\">Agencia Nacional de Protecci\u00f3n de Datos<\/span><\/li>\n<li><span class=\"fontstyle0\">Bancos y cajas<\/span><\/li>\n<\/ul>\n<p><span class=\"fontstyle0\">Sus datos personales no se van a transferir a ning\u00fan tercer pa\u00eds u organizaci\u00f3n internacional.<\/span><\/p>\n<h2><span class=\"fontstyle0\">\u00bfQu\u00e9 datos tratamos y c\u00f3mo los hemos obtenido?<\/span><\/h2>\n<p><span class=\"fontstyle0\">Sus datos personales se incorporar\u00e1n a los siguientes ficheros, titularidad de la organizaci\u00f3n:<\/span><\/p>\n<ul>\n<li><span class=\"fontstyle0\">FG01 Gesti\u00f3n contable propia<\/span><\/li>\n<li><span class=\"fontstyle0\">FG02 Gesti\u00f3n laboral propia<\/span><\/li>\n<li><span class=\"fontstyle0\">FG15 Gesti\u00f3n fiscal propia. Recogida de datos<\/span><\/li>\n<li><span class=\"fontstyle0\">FE01 Mantenimiento inform\u00e1tico<\/span><\/li>\n<li><span class=\"fontstyle0\">FE02 Prevenci\u00f3n de riesgos laborales<\/span><\/li>\n<li><span class=\"fontstyle0\">FE03 Transporte y envio<\/span><\/li>\n<li><span class=\"fontstyle0\">FE04 Asuntos jur\u00eddicos propios<\/span><\/li>\n<li><span class=\"fontstyle0\">FR01 Solicitudes de informaci\u00f3n recibida<\/span><\/li>\n<li><span class=\"fontstyle0\">FR03 Selecci\u00f3n de personal propio<\/span><\/li>\n<li><span class=\"fontstyle0\">FR04 Campa\u00f1as publicitarias<\/span><\/li>\n<li><span class=\"fontstyle0\">FR05 Correos electr\u00f3nicos<\/span><\/li>\n<li><span class=\"fontstyle0\">FR07 Gesti\u00f3n de incidencias y\/o violaciones de seguridad<\/span><\/li>\n<li><span class=\"fontstyle0\">FR08 Recabar la opini\u00f3n de los interesados<\/span><\/li>\n<li><span class=\"fontstyle0\">FR09 Seguridades en el software y hardware<\/span><\/li>\n<li><span class=\"fontstyle0\">FE07 Destrucci\u00f3n de documentos<\/span><\/li>\n<li><span class=\"fontstyle0\">FE08 Protecci\u00f3n de Datos Personales<\/span><\/li>\n<li><span class=\"fontstyle0\">FP01 Clientes<\/span><\/li>\n<\/ul>\n<p><span class=\"fontstyle0\">Los datos personales que tratamos en nuestra organizaci\u00f3n proceden de las siguientes fuentes:<\/span><\/p>\n<ul>\n<li><span class=\"fontstyle0\">El propio interesado<\/span><\/li>\n<\/ul>\n<h2><span class=\"fontstyle0\">\u00bfQu\u00e9 derechos puede ejercer?<\/span><\/h2>\n<p><span class=\"fontstyle0\">Le garantizamos el ejercicio de los derechos que le asisten en relaci\u00f3n con el tratamiento de sus datos personales.<\/span><\/p>\n<p><span class=\"fontstyle0\">En particular, le informamos de que tiene derecho a:<\/span><\/p>\n<ul>\n<li><span class=\"fontstyle0\">Obtener confirmaci\u00f3n sobre si se est\u00e1n tratando sus datos.<\/span><\/li>\n<li><span class=\"fontstyle0\">Ejercitar el derecho de acceso a los datos personales de los que disponemos, obteniendo informaci\u00f3n sobre los fines del tratamiento, la categor\u00eda de datos tratados, los posibles destinatarios, el plazo de conservaci\u00f3n, el origen de los datos y, en su caso, la elaboraci\u00f3n de perfiles o toma de decisiones automatizadas.<\/span><\/li>\n<li><span class=\"fontstyle0\">Ejercer el derecho de rectificaci\u00f3n. A estos efectos, le recordamos que los datos personales de los que disponemos han de ser siempre un fiel reflejo de la realidad, de modo que no dude en hacer uso de su derecho en caso de que cualquier dato sufra modificaci\u00f3n, cambio o anulaci\u00f3n. Usted garantiza que los datos personales que nos haya facilitado por cualquier v\u00eda son ciertos y exactos, y se compromete a notificar cualquier cambio o modificaci\u00f3n de los mismos, siendo de su exclusiva responsabilidad toda p\u00e9rdida o da\u00f1o causado al responsable o a cualquier tercero por motivo de una comunicaci\u00f3n de informaci\u00f3n err\u00f3nea, inexacta o incompleta.<\/span><\/li>\n<li><span class=\"fontstyle0\">Por motivos relacionados con su situaci\u00f3n particular, podr\u00e1 oponerse al tratamiento de sus datos, en cuyo caso nuestra organizaci\u00f3n dejar\u00e1 de tratar los datos, salvo que existan motivos leg\u00edtimos que lo impidan.<\/span><\/li>\n<li><span class=\"fontstyle0\">Solicitar la supresi\u00f3n de sus datos personales cuando, entre otros motivos, ya no sean necesarios para las finalidades arriba descritas o bien ya no contemos con la legitimaci\u00f3n para tratarlos.<\/span><\/li>\n<li><span class=\"fontstyle0\">Solicitar la portabilidad de sus datos, cuando el tratamiento se efect\u00fae por medios automatizados y siempre que est\u00e9 vinculado a nuestra entidad en base a un contrato suscrito o bien haya otorgado consentimiento para el tratamiento realizado. En estos casos, tendr\u00e1 derecho a recibir sus datos personales en un formato estructurado, de uso com\u00fan y lectura mec\u00e1nica, o bien a que se transmitan directamente a otro responsable, cuando sea t\u00e9cnicamente posible.<\/span><\/li>\n<li><span class=\"fontstyle0\">En determinadas circunstancias, podr\u00e1 solicitar la limitaci\u00f3n del tratamiento de sus datos, en cuyo caso \u00fanicamente los conservaremos para el ejercicio o la defensa de reclamaciones.<\/span><\/li>\n<li><span class=\"fontstyle0\">Oponerse a la toma de decisiones automatizadas, incluida la elaboraci\u00f3n de perfiles.<\/span><\/li>\n<\/ul>\n<p><span class=\"fontstyle0\">Dichos derechos podr\u00e1n ser ejercitados gratuitamente, salvo en los casos legalmente previstos, mediante solicitud escrita y firmada por usted o, en su caso, por quien lo represente, dirigida al responsable, en las direcciones facilitadas a tal efecto en el apartado primero, o bien f\u00edsicamente en cualquiera de nuestros establecimientos.<\/span><\/p>\n<p><span class=\"fontstyle0\">Usted tambi\u00e9n tiene derecho a presentar reclamaciones, bien ante la Agencia Espa\u00f1ola de Protecci\u00f3n de Datos (en la web https:\/\/www.agpd.es\/) o bien ante la autoridad de control que corresponda.<\/span><\/p>\n<p><span class=\"fontstyle0\">Igualmente, podr\u00e1 acudir a los Tribunales de Justicia para reclamar una indemnizaci\u00f3n.<\/span><\/p>\n<p><span class=\"fontstyle0\">Finalmente, tiene derecho a retirar su consentimiento, con la misma facilidad con la que lo otorg\u00f3. Para ello, puede dirigirse a nuestra p\u00e1gina web, donde encontrar\u00e1 la informaci\u00f3n necesaria para anular de un modo r\u00e1pido y sencillo la autorizaci\u00f3n que se nos ha concedido para realizar estas comunicaciones. Tambi\u00e9n puede enviar un email a la direcci\u00f3n indicada en el apartado relativo al responsable.<\/span><\/p>\n<p><span class=\"fontstyle0\">Igualmente le informamos de que en cada tratamiento de sus datos personales se determinan las posibles amenazas e impactos que pueden producirse como consecuencia de las mismas, mitigando o eliminando si es<br>posible, los potenciales perjuicios, mediante la aplicaci\u00f3n de las correspondientes medidas de seguridad que peri\u00f3dicamente se revisan para determinar su eficacia.<br>Nuestro sistema de control tambi\u00e9n permite cumplir los principios del tratamiento de sus datos, pudiendo acreditar ante el interesado, el principio de limitaci\u00f3n a la finalidad del tratamiento, el principio de limitaci\u00f3n al plazo de conservaci\u00f3n, el principio de minimizaci\u00f3n de datos, as\u00ed como el principio de integridad y confidencialidad.<\/span><\/p>\n<p><span class=\"fontstyle0\">Por \u00faltimo, tambi\u00e9n le comunicamos que peri\u00f3dicamente recibir\u00e1 encuestas que nos permitir\u00e1n conocer su opini\u00f3n sobre cualquier sugerencia relativa al tratamiento de sus datos personales, al igual que poder dar cumplimiento al principio de transparencia y exactitud de los datos tratados.<\/span><\/p>\n<p><span class=\"fontstyle0\">Para cualquier duda o aclaraci\u00f3n, puede contactar con nosotros a trav\u00e9s del e-mail facilitado en el primer apartado.<\/span><\/p>\n<p><span class=\"fontstyle0\">Sin otro particular, atentamente,<br>El Responsable<\/span><\/p>\n\n\n<p><\/p>\n","protected":false},"excerpt":{"rendered":"<p>\u00bfQu\u00e9 tratamientos realizamos con sus datos personales? En cumplimiento del Reglamento (UE) 2016\/679 y de la Ley Org\u00e1nica de Protecci\u00f3n<\/p>\n","protected":false},"author":1,"featured_media":0,"parent":23,"menu_order":0,"comment_status":"closed","ping_status":"closed","template":"","meta":{"footnotes":""},"class_list":["post-3","page","type-page","status-publish","hentry","comments-off"],"_links":{"self":[{"href":"https:\/\/intosur.com\/index.php\/wp-json\/wp\/v2\/pages\/3","targetHints":{"allow":["GET"]}}],"collection":[{"href":"https:\/\/intosur.com\/index.php\/wp-json\/wp\/v2\/pages"}],"about":[{"href":"https:\/\/intosur.com\/index.php\/wp-json\/wp\/v2\/types\/page"}],"author":[{"embeddable":true,"href":"https:\/\/intosur.com\/index.php\/wp-json\/wp\/v2\/users\/1"}],"replies":[{"embeddable":true,"href":"https:\/\/intosur.com\/index.php\/wp-json\/wp\/v2\/comments?post=3"}],"version-history":[{"count":9,"href":"https:\/\/intosur.com\/index.php\/wp-json\/wp\/v2\/pages\/3\/revisions"}],"predecessor-version":[{"id":349,"href":"https:\/\/intosur.com\/index.php\/wp-json\/wp\/v2\/pages\/3\/revisions\/349"}],"up":[{"embeddable":true,"href":"https:\/\/intosur.com\/index.php\/wp-json\/wp\/v2\/pages\/23"}],"wp:attachment":[{"href":"https:\/\/intosur.com\/index.php\/wp-json\/wp\/v2\/media?parent=3"}],"curies":[{"name":"wp","href":"https:\/\/api.w.org\/{rel}","templated":true}]}}